{"id":619,"date":"2025-11-01T07:38:42","date_gmt":"2025-11-01T10:38:42","guid":{"rendered":"https:\/\/beckdorf.cl\/?page_id=619"},"modified":"2025-11-03T21:17:17","modified_gmt":"2025-11-04T00:17:17","slug":"casa-ombu","status":"publish","type":"page","link":"https:\/\/beckdorf.cl\/index.php\/casa-ombu\/","title":{"rendered":"Casa Omb\u00fa"},"content":{"rendered":"\t\t<div data-elementor-type=\"wp-page\" data-elementor-id=\"619\" class=\"elementor elementor-619\">\n\t\t\t\t<div class=\"elementor-element elementor-element-5313b42 e-flex e-con-boxed e-con e-parent\" data-id=\"5313b42\" data-element_type=\"container\">\n\t\t\t\t\t<div class=\"e-con-inner\">\n\t\t<div class=\"elementor-element elementor-element-8ea2d6d e-con-full e-flex e-con e-child\" data-id=\"8ea2d6d\" data-element_type=\"container\">\n\t\t\t\t<div class=\"elementor-element elementor-element-f6f8463 elementor-widget__width-initial elementor-widget elementor-widget-text-editor\" data-id=\"f6f8463\" data-element_type=\"widget\" data-widget_type=\"text-editor.default\">\n\t\t\t\t\t\t\t\t\t<p><strong>Arquitectos a Cargo:\u00a0<\/strong><\/p><p>Agust\u00edn Beckdorf<\/p><p><strong>A\u00f1o de Finalizaci\u00f3n:<\/strong><\/p><p>2023<\/p>\t\t\t\t\t\t\t\t<\/div>\n\t\t\t\t<\/div>\n\t\t<div class=\"elementor-element elementor-element-35a993d e-con-full e-flex e-con e-child\" data-id=\"35a993d\" data-element_type=\"container\">\n\t\t\t\t<div class=\"elementor-element elementor-element-00fb876 elementor-widget elementor-widget-text-editor\" data-id=\"00fb876\" data-element_type=\"widget\" data-widget_type=\"text-editor.default\">\n\t\t\t\t\t\t\t\t\t<p><strong>Ubicaci\u00f3n:<\/strong><\/p><p>\u00a0Pichilem\u00fa<\/p><p><strong>Superficie Construida:\u00a0\u00a0<\/strong><\/p><p>190 m\u00b2<\/p>\t\t\t\t\t\t\t\t<\/div>\n\t\t\t\t<\/div>\n\t\t<div class=\"elementor-element elementor-element-74664f9 e-con-full e-flex e-con e-child\" data-id=\"74664f9\" data-element_type=\"container\">\n\t\t\t\t<div class=\"elementor-element elementor-element-6dfbe5c elementor-widget elementor-widget-text-editor\" data-id=\"6dfbe5c\" data-element_type=\"widget\" data-widget_type=\"text-editor.default\">\n\t\t\t\t\t\t\t\t\t<p><strong>Calculista\/Ingeniero:\u00a0<\/strong><\/p><p>Pablo \u00d1anco<\/p><p><strong>Constructora:<\/strong>\u00a0\u00a0<\/p><p>Por definir<\/p>\t\t\t\t\t\t\t\t<\/div>\n\t\t\t\t<\/div>\n\t\t<div class=\"elementor-element elementor-element-0256108 e-con-full e-flex e-con e-child\" data-id=\"0256108\" data-element_type=\"container\">\n\t\t\t\t<div class=\"elementor-element elementor-element-0e29849 elementor-widget elementor-widget-text-editor\" data-id=\"0e29849\" data-element_type=\"widget\" data-widget_type=\"text-editor.default\">\n\t\t\t\t\t\t\t\t\t<p><strong>Render:<\/strong>\u00a0<\/p><p>Estudio HID<\/p>\t\t\t\t\t\t\t\t<\/div>\n\t\t\t\t<\/div>\n\t\t\t\t\t<\/div>\n\t\t\t\t<\/div>\n\t\t<div class=\"elementor-element elementor-element-f5091d7 e-flex e-con-boxed e-con e-parent\" data-id=\"f5091d7\" data-element_type=\"container\">\n\t\t\t\t\t<div class=\"e-con-inner\">\n\t\t\t\t<div class=\"elementor-element elementor-element-dcb85cb elementor-widget elementor-widget-modula_elementor_gallery\" data-id=\"dcb85cb\" data-element_type=\"widget\" data-widget_type=\"modula_elementor_gallery.default\">\n\t\t\t\t<div class=\"elementor-widget-container\">\n\t\t\t\t\t<style>#jtg-760 .modula-item .jtg-social a, .lightbox-socials.jtg-social a{ fill: #ffffff; color: #ffffff }#jtg-760 .modula-item .jtg-social-expandable a, #jtg-760 .modula-item .jtg-social-expandable-icons a{ fill: #ffffff; color: #ffffff }#jtg-760 .modula-item .jtg-social svg, .lightbox-socials.jtg-social svg { height: 16px; width: 16px }#jtg-760 .modula-item .jtg-social-expandable svg { height: 16px; width: 16px }#jtg-760 .modula-item .jtg-social-expandable-icons svg { height: 16px; width: 16px }#jtg-760 .modula-item .jtg-social a:not(:last-child), .lightbox-socials.jtg-social a:not(:last-child) { margin-right: 10px }#jtg-760 .modula-item .jtg-social-expandable-icons { gap: 10px }#jtg-760 .modula-item .no-socials{ display:none; }#jtg-760 .modula-item .figc {color:#ffffff;}#jtg-760 .modula-item .figc .jtg-title {  font-size: 24px; }#jtg-760 .modula-item .modula-item-content { transform: scale(1); }#jtg-760 .modula-items .figc p.description { font-size:16px; }#jtg-760 .modula-items .figc p.description { color:#ffffff;}#jtg-760 .modula-items .figc .jtg-title { color:#ffffff; }#jtg-760.modula-gallery .modula-item > a, #jtg-760.modula-gallery .modula-item, #jtg-760.modula-gallery .modula-item-content > a:not(.modula-no-follow) { cursor:zoom-in; } #jtg-760.modula-gallery .modula-item-content .modula-no-follow { cursor: default; } @media screen and (max-width:480px){#jtg-760 .modula-item .figc .jtg-title {  font-size: 12px; }#jtg-760 .modula-items .figc p.description { color:#ffffff;font-size:10px; }}<\/style>\n<div  id=\"jtg-760\" class=\"modula modula-gallery modula-custom-grid\" data-config=\"{&quot;height&quot;:800,&quot;tabletHeight&quot;:800,&quot;mobileHeight&quot;:800,&quot;desktopHeight&quot;:800,&quot;enableTwitter&quot;:false,&quot;enableWhatsapp&quot;:false,&quot;enableFacebook&quot;:false,&quot;enablePinterest&quot;:false,&quot;enableLinkedin&quot;:false,&quot;enableEmail&quot;:false,&quot;randomFactor&quot;:0.5,&quot;type&quot;:&quot;custom-grid&quot;,&quot;columns&quot;:12,&quot;gutter&quot;:10,&quot;mobileGutter&quot;:10,&quot;tabletGutter&quot;:10,&quot;desktopGutter&quot;:10,&quot;enableResponsive&quot;:true,&quot;tabletColumns&quot;:2,&quot;mobileColumns&quot;:1,&quot;lazyLoad&quot;:0,&quot;lightboxOpts&quot;:{&quot;animated&quot;:true,&quot;Thumbs&quot;:{&quot;type&quot;:&quot;modern&quot;,&quot;showOnStart&quot;:false},&quot;Toolbar&quot;:{&quot;display&quot;:{&quot;right&quot;:[&quot;close&quot;]},&quot;enabled&quot;:true},&quot;Carousel&quot;:{&quot;Panzoom&quot;:{&quot;touch&quot;:false},&quot;infinite&quot;:false},&quot;keyboard&quot;:{&quot;Escape&quot;:&quot;close&quot;,&quot;Delete&quot;:&quot;close&quot;,&quot;Backspace&quot;:&quot;close&quot;,&quot;PageUp&quot;:false,&quot;PageDown&quot;:false,&quot;ArrowUp&quot;:false,&quot;ArrowDown&quot;:false,&quot;ArrowRight&quot;:false,&quot;ArrowLeft&quot;:false},&quot;touch&quot;:false,&quot;backdropClick&quot;:false,&quot;l10n&quot;:{&quot;CLOSE&quot;:&quot;Cerrar&quot;,&quot;NEXT&quot;:&quot;Siguiente&quot;,&quot;PREV&quot;:&quot;Anterior&quot;,&quot;Error&quot;:&quot;No se pudo cargar el contenido solicitado. Por favor, int\\u00e9ntalo de nuevo m\\u00e1s tarde.&quot;,&quot;PLAY_START&quot;:&quot;Empezar la presentaci\\u00f3n&quot;,&quot;PLAY_STOP&quot;:&quot;Pausar la presentaci\\u00f3n&quot;,&quot;FULL_SCREEN&quot;:&quot;Pantalla completa&quot;,&quot;THUMBS&quot;:&quot;Miniaturas&quot;,&quot;DOWNLOAD&quot;:&quot;Descargar&quot;,&quot;SHARE&quot;:&quot;Compartir&quot;,&quot;ZOOM&quot;:&quot;Zoom&quot;,&quot;EMAIL&quot;:&quot;Here is the link to the image : %%image_link%% and this is the link to the gallery : %%gallery_link%%&quot;,&quot;MODAL&quot;:&quot;Puedes cerrar este contenido emergente con la tecla ESC&quot;,&quot;ERROR&quot;:&quot;Algo sali\\u00f3 mal, pro favor, prueba de nuevo m\\u00e1s tarde&quot;,&quot;IMAGE_ERROR&quot;:&quot;Imagen no encontrada&quot;,&quot;ELEMENT_NOT_FOUND&quot;:&quot;No se encontr\\u00f3 el elemento HTML&quot;,&quot;AJAX_NOT_FOUND&quot;:&quot;Error al cargar AJAX: No encontrado&quot;,&quot;AJAX_FORBIDDEN&quot;:&quot;Error al cargar AJAX: Prohibido&quot;,&quot;IFRAME_ERROR&quot;:&quot;Error al cargar la p\\u00e1gina&quot;,&quot;TOGGLE_ZOOM&quot;:&quot;Alternar nivel de ampliar\\\/acercar&quot;,&quot;TOGGLE_THUMBS&quot;:&quot;Alternar miniaturas&quot;,&quot;TOGGLE_SLIDESHOW&quot;:&quot;Alternar diapositiva&quot;,&quot;TOGGLE_FULLSCREEN&quot;:&quot;Cambiar al modo de pantalla completa&quot;},&quot;Images&quot;:{&quot;Panzoom&quot;:{&quot;maxScale&quot;:2}},&quot;mainClass&quot;:&quot;modula-fancybox-container modula-lightbox-jtg-760&quot;,&quot;Html&quot;:{&quot;videoAutoplay&quot;:0,&quot;videoTpl&quot;:&quot;&lt;video class=\\&quot;fancybox__html5video\\&quot; controls muted playsinline controlsList controlsList=\\&quot;nodownload\\&quot; poster=\\&quot;{{poster}}\\&quot; src=\\&quot;{{src}}\\&quot; type=\\&quot;{{format}}\\&quot; &gt;  Sorry, your browser doesn&#039;t support embedded videos, &lt;a href=\\&quot;{{src}}\\&quot;&gt; download &lt;\\\/a&gt; and watch with your favorite video player! &lt;\\\/video&gt;&quot;}},&quot;inView&quot;:false,&quot;email_subject&quot;:&quot;\\u00a1\\u00a1Mira esta impresionante imagen!!&quot;,&quot;email_message&quot;:&quot;Este es el enlace a la imagen: %%image_link%% y este es el enlace a la galer\\u00eda: %%gallery_link%%&quot;,&quot;lightbox&quot;:&quot;fancybox&quot;}\">\n\n\t\n\t<div  class=\"modula-items\">\n\t\t<div class=\"modula-item effect-pufrobo\" data-width=\"12\" data-height=\"8\" >\n\t<div class=\"modula-item-overlay\"><\/div>\n\n\t<div class=\"modula-item-content\">\n\n\t\t\t\t\n\t\t\t\t\t<a role=\"button\" data-elementor-open-lightbox=\"no\" tabindex=\"0\" rel=\"jtg-760\" data-caption=\"\" aria-label=\"Abrir la imagen en una caja de luz\" class=\"tile-inner modula-item-link\"><\/a>\n\t\t\n\t\t<img fetchpriority=\"high\" decoding=\"async\" class=\"pic wp-image-624\"  data-valign=\"middle\" data-halign=\"center\" alt=\"\" data-full=\"https:\/\/beckdorf.cl\/wp-content\/uploads\/2025\/11\/CASA-CALVO-MENA_01.jpg\" title=\"CASA CALVO MENA_01\" width=\"300\" height=\"235\" src=\"https:\/\/beckdorf.cl\/wp-content\/uploads\/2025\/11\/CASA-CALVO-MENA_01-300x235.jpg\" data-src=\"https:\/\/beckdorf.cl\/wp-content\/uploads\/2025\/11\/CASA-CALVO-MENA_01-300x235.jpg\" data-caption=\"\" srcset=\"https:\/\/beckdorf.cl\/wp-content\/uploads\/2025\/11\/CASA-CALVO-MENA_01-300x235.jpg 300w, https:\/\/beckdorf.cl\/wp-content\/uploads\/2025\/11\/CASA-CALVO-MENA_01-1024x804.jpg 1024w, https:\/\/beckdorf.cl\/wp-content\/uploads\/2025\/11\/CASA-CALVO-MENA_01-768x603.jpg 768w, https:\/\/beckdorf.cl\/wp-content\/uploads\/2025\/11\/CASA-CALVO-MENA_01-1536x1205.jpg 1536w, https:\/\/beckdorf.cl\/wp-content\/uploads\/2025\/11\/CASA-CALVO-MENA_01-2048x1607.jpg 2048w, https:\/\/beckdorf.cl\/wp-content\/uploads\/2025\/11\/CASA-CALVO-MENA_01-1170x918.jpg 1170w\" sizes=\"(max-width: 300px) 100vw, 300px\" \/>\n\t\t<div class=\"figc no-description\">\n\t\t\t<div class=\"figc-inner\">\n\t\t\t\t\t\t\t\t\t\t\t\t\t\t\t<\/div>\n\t\t<\/div>\n\n\t<\/div>\n\n<\/div><div class=\"modula-item effect-pufrobo\" data-width=\"6\" data-height=\"7\" >\n\t<div class=\"modula-item-overlay\"><\/div>\n\n\t<div class=\"modula-item-content\">\n\n\t\t\t\t\n\t\t\t\t\t<a role=\"button\" data-elementor-open-lightbox=\"no\" tabindex=\"0\" rel=\"jtg-760\" data-caption=\"\" aria-label=\"Abrir la imagen en una caja de luz\" class=\"tile-inner modula-item-link\"><\/a>\n\t\t\n\t\t<img decoding=\"async\" class=\"pic wp-image-761\"  data-valign=\"middle\" data-halign=\"center\" alt=\"\" data-full=\"https:\/\/beckdorf.cl\/wp-content\/uploads\/2025\/11\/CASA-CALVO-MENA_03.jpg\" title=\"CASA CALVO MENA_03\" width=\"300\" height=\"263\" src=\"https:\/\/beckdorf.cl\/wp-content\/uploads\/2025\/11\/CASA-CALVO-MENA_03-300x263.jpg\" data-src=\"https:\/\/beckdorf.cl\/wp-content\/uploads\/2025\/11\/CASA-CALVO-MENA_03-300x263.jpg\" data-caption=\"\" srcset=\"https:\/\/beckdorf.cl\/wp-content\/uploads\/2025\/11\/CASA-CALVO-MENA_03-300x263.jpg 300w, https:\/\/beckdorf.cl\/wp-content\/uploads\/2025\/11\/CASA-CALVO-MENA_03-1024x896.jpg 1024w, https:\/\/beckdorf.cl\/wp-content\/uploads\/2025\/11\/CASA-CALVO-MENA_03-768x672.jpg 768w, https:\/\/beckdorf.cl\/wp-content\/uploads\/2025\/11\/CASA-CALVO-MENA_03-1536x1344.jpg 1536w, https:\/\/beckdorf.cl\/wp-content\/uploads\/2025\/11\/CASA-CALVO-MENA_03-2048x1792.jpg 2048w, https:\/\/beckdorf.cl\/wp-content\/uploads\/2025\/11\/CASA-CALVO-MENA_03-1170x1024.jpg 1170w\" sizes=\"(max-width: 300px) 100vw, 300px\" \/>\n\t\t<div class=\"figc no-description\">\n\t\t\t<div class=\"figc-inner\">\n\t\t\t\t\t\t\t\t\t\t\t\t\t\t\t<\/div>\n\t\t<\/div>\n\n\t<\/div>\n\n<\/div><div class=\"modula-item effect-pufrobo\" data-width=\"6\" data-height=\"7\" >\n\t<div class=\"modula-item-overlay\"><\/div>\n\n\t<div class=\"modula-item-content\">\n\n\t\t\t\t\n\t\t\t\t\t<a role=\"button\" data-elementor-open-lightbox=\"no\" tabindex=\"0\" rel=\"jtg-760\" data-caption=\"\" aria-label=\"Abrir la imagen en una caja de luz\" class=\"tile-inner modula-item-link\"><\/a>\n\t\t\n\t\t<img decoding=\"async\" class=\"pic wp-image-625\"  data-valign=\"middle\" data-halign=\"center\" alt=\"\" data-full=\"https:\/\/beckdorf.cl\/wp-content\/uploads\/2025\/11\/CASA-CALVO-MENA_02b.jpg\" title=\"CASA CALVO MENA_02b\" width=\"300\" height=\"225\" src=\"https:\/\/beckdorf.cl\/wp-content\/uploads\/2025\/11\/CASA-CALVO-MENA_02b-300x225.jpg\" data-src=\"https:\/\/beckdorf.cl\/wp-content\/uploads\/2025\/11\/CASA-CALVO-MENA_02b-300x225.jpg\" data-caption=\"\" srcset=\"https:\/\/beckdorf.cl\/wp-content\/uploads\/2025\/11\/CASA-CALVO-MENA_02b-300x225.jpg 300w, https:\/\/beckdorf.cl\/wp-content\/uploads\/2025\/11\/CASA-CALVO-MENA_02b-1024x768.jpg 1024w, https:\/\/beckdorf.cl\/wp-content\/uploads\/2025\/11\/CASA-CALVO-MENA_02b-768x576.jpg 768w, https:\/\/beckdorf.cl\/wp-content\/uploads\/2025\/11\/CASA-CALVO-MENA_02b-1536x1152.jpg 1536w, https:\/\/beckdorf.cl\/wp-content\/uploads\/2025\/11\/CASA-CALVO-MENA_02b-2048x1536.jpg 2048w, https:\/\/beckdorf.cl\/wp-content\/uploads\/2025\/11\/CASA-CALVO-MENA_02b-1170x878.jpg 1170w\" sizes=\"(max-width: 300px) 100vw, 300px\" \/>\n\t\t<div class=\"figc no-description\">\n\t\t\t<div class=\"figc-inner\">\n\t\t\t\t\t\t\t\t\t\t\t\t\t\t\t<\/div>\n\t\t<\/div>\n\n\t<\/div>\n\n<\/div>\t\t\n\t<\/div>\n\n\t\n\t\n\t<script type=\"application\/ld+json\">\n\t{\n\t\t\"@context\": \"http:\/\/schema.org\",\n\t\t\"@type\"   : \"ImageGallery\",\n\t\t\"id\"      : \"https:\/\/beckdorf.cl\/index.php\/casa-ombu\/\",\n\t\t\"url\"     : \"https:\/\/beckdorf.cl\/index.php\/casa-ombu\/\"\n\t}\n\n\t<\/script>\n\n\t\n<\/div>\n\t\t\t\t<\/div>\n\t\t\t\t<\/div>\n\t\t\t\t\t<\/div>\n\t\t\t\t<\/div>\n\t\t\t\t<\/div>\n\t\t","protected":false},"excerpt":{"rendered":"<p>Arquitectos a Cargo:\u00a0 Agust\u00edn Beckdorf A\u00f1o de Finalizaci\u00f3n: 2023 Ubicaci\u00f3n: \u00a0Pichilem\u00fa Superficie Construida:\u00a0\u00a0 190 m\u00b2 Calculista\/Ingeniero:\u00a0 Pablo \u00d1anco Constructora:\u00a0\u00a0 Por definir Render:\u00a0 Estudio HID Editar galer\u00eda<\/p>\n","protected":false},"author":1,"featured_media":0,"parent":0,"menu_order":0,"comment_status":"closed","ping_status":"closed","template":"","meta":{"inline_featured_image":false,"footnotes":""},"class_list":["post-619","page","type-page","status-publish","hentry"],"_links":{"self":[{"href":"https:\/\/beckdorf.cl\/index.php\/wp-json\/wp\/v2\/pages\/619","targetHints":{"allow":["GET"]}}],"collection":[{"href":"https:\/\/beckdorf.cl\/index.php\/wp-json\/wp\/v2\/pages"}],"about":[{"href":"https:\/\/beckdorf.cl\/index.php\/wp-json\/wp\/v2\/types\/page"}],"author":[{"embeddable":true,"href":"https:\/\/beckdorf.cl\/index.php\/wp-json\/wp\/v2\/users\/1"}],"replies":[{"embeddable":true,"href":"https:\/\/beckdorf.cl\/index.php\/wp-json\/wp\/v2\/comments?post=619"}],"version-history":[{"count":21,"href":"https:\/\/beckdorf.cl\/index.php\/wp-json\/wp\/v2\/pages\/619\/revisions"}],"predecessor-version":[{"id":791,"href":"https:\/\/beckdorf.cl\/index.php\/wp-json\/wp\/v2\/pages\/619\/revisions\/791"}],"wp:attachment":[{"href":"https:\/\/beckdorf.cl\/index.php\/wp-json\/wp\/v2\/media?parent=619"}],"curies":[{"name":"wp","href":"https:\/\/api.w.org\/{rel}","templated":true}]}}